{"id":1110,"date":"2024-06-21T17:16:30","date_gmt":"2024-06-21T20:16:30","guid":{"rendered":"https:\/\/ecologiashibridas.cl\/?page_id=1110"},"modified":"2025-04-21T23:45:08","modified_gmt":"2025-04-22T02:45:08","slug":"instalacion-interactiva","status":"publish","type":"page","link":"https:\/\/ecologiashibridas.cl\/index.php\/instalacion-interactiva\/","title":{"rendered":"CCLM Stgo 2023"},"content":{"rendered":"<div class=\"bm-builder clearfix \"><div id=\"\" class=\"module col-12 module-id-1718998607147\" data-module-col=\"12\"><div class=\"module-inside divide-inside\" style=\"--top-mod: 0px;--bottom-mod: 0px;--top-mod-t: 0px;--bottom-mod-t: 0px;--top-mod-m:0px;--bottom-mod-m:0px;\" ><div class=\"sea-divide divide-blank\"><\/div><\/div><\/div><div id=\"\" class=\"module col-12 module-id-1758646157822\" data-module-col=\"12\"><div class=\"module-inside text-inside\" style=\"--top-mod: 0px;--bottom-mod: 0px;--top-mod-t: 0px;--bottom-mod-t: 0px;--top-mod-m:0px;--bottom-mod-m:0px;\" ><div class=\"text_block_out\"  data-effect=\"standard\" style=\"\"><div class=\"text_block ux-mod-nobg\"><div class=\"text_block_inn\"><div id=\"text-1758646157822\" class=\"text_block_centered text_block_centered_enable_width\"  style=\"\"><h5 style=\"text-align: center;\"><span style=\"font-family: ux-font-1700496875872; color: #645f5b;\">Centro Cultural La Moneda 2023<\/span><\/h5><\/div><\/div><\/div><\/div><\/div><\/div><div id=\"\" class=\"module col-8 module-id-1758646346373 col-offset-2\" data-module-col=\"8\"><div class=\"module-inside text-inside\" style=\"--top-mod: 20px;--bottom-mod: 0px;--top-mod-t: 20px;--bottom-mod-t: 0px;--top-mod-m:10px;--bottom-mod-m:0px;\" ><div class=\"text_block_out\"  data-effect=\"standard\" style=\"\"><div class=\"text_block ux-mod-nobg\"><div class=\"text_block_inn\"><div id=\"text-1758646346373\" class=\"text_block_centered text_block_centered_enable_width\"  style=\"\"><h1 style=\"text-align: center;\"><span style=\"font-family: ux-font-1700495499962;\">Visualizando la huella terrestre de la IA<\/span><\/h1><\/div><\/div><\/div><\/div><\/div><\/div><div id=\"\" class=\"module col-12 module-id-1718998759482jo8LN\" data-module-col=\"12\"><div class=\"module-inside divide-inside\" style=\"--top-mod: 0px;--bottom-mod: 0px;--top-mod-t: 0px;--bottom-mod-t: 0px;--top-mod-m:0px;--bottom-mod-m:0px;\" ><div class=\"sea-divide divide-blank\"><\/div><\/div><\/div><div id=\"\" class=\"module col-10 module-id-1718997500626\" data-module-col=\"10\"><div class=\"module-inside embed-inside\" style=\"--top-mod: 0px;--bottom-mod: 0px;--top-mod-t: 0px;--bottom-mod-t: 0px;--top-mod-m:0px;--bottom-mod-m:0px;\" ><div class=\"embed-wrap  \" style=\"\" data-animation=\"fadein\"><\/div><\/div><\/div><div id=\"\" class=\"module col-12 module-id-1718997575092\" data-module-col=\"12\"><div class=\"module-inside embed-inside\" style=\"--top-mod: 0px;--bottom-mod: 0px;--top-mod-t: 0px;--bottom-mod-t: 0px;--top-mod-m:0px;--bottom-mod-m:0px;\" ><div class=\"embed-wrap  \" style=\"\" data-animation=\"fadein\"><\/div><\/div><\/div><div id=\"\" class=\"module col-6 module-id-1718997753055 col-offset-1\" data-module-col=\"6\"><div class=\"module-inside text-inside\" style=\"--top-mod: 0px;--bottom-mod: 0px;--top-mod-t: 0px;--bottom-mod-t: 0px;--top-mod-m:0px;--bottom-mod-m:0px;\" ><div class=\"text_block_out\"  data-effect=\"standard\" style=\"\"><div class=\"text_block ux-mod-nobg\"><div class=\"text_block_inn\"><div id=\"text-1718997753055\" class=\"text_block_centered text_block_centered_enable_width\"  style=\"\"><div class=\"_layer_1p757_1\">\n<div class=\"_sc-annotation-conductor-layer_16b83_1 _sc-annotation-conductor-layer__can-create_16b83_10\" tabindex=\"-1\">\n<div class=\"_highlight-creation-layer_8v4o0_1\">\n<p class=\"_annotation-rectangle-creation-layer_8v4o0_33\"><span class=\"_ekabin0_3-1-0 dig-Theme-vis2023 dig-Theme-vis2023--bright dig-Mode--bright In-Theme-Provider\">Como parte de este proyecto de investigaci\u00f3n-creaci\u00f3n creamos una instalaci\u00f3n interactiva llamada &#8220;Ecolog\u00edas h\u00edbridas: Visualizando la Huella Terrestre de la Inteligencia Artificial&#8221;. Fue expuesta en el Centro Cultural La Moneda (Santiago, Chile) entre diciembre de 2023 y abril de 2024. Este trabajo, abord\u00f3 preguntas cr\u00edticas sobre la intersecci\u00f3n del desarrollo de la IA y el uso del agua,explor\u00e1ndolos mecanismos operativos de la IA y su sustancial huella h\u00eddrica. Al hacer tangibles los procesos de la IA, el proyecto desafi\u00f3 la percepci\u00f3n de la IA como una entidad inmaterial y destac\u00f3 el papel esencial que el agua y otros recursos naturales desempe\u00f1an en el sostenimiento de las tecnolog\u00edas de IA.<br><\/span><\/p>\n<\/div>\n<\/div>\n<\/div><\/div><\/div><\/div><\/div><\/div><\/div><div id=\"\" class=\"module col-12 module-id-1718997847371 module-animation col-offset-0\" data-module-col=\"12\"><div class=\"module-inside slider-inside post-0-1119\" style=\"--cornerRadius:0px 0px 0px 0px ; --top-mod: 100px;--bottom-mod: 100px;--top-mod-t: 100px;--bottom-mod-t: 100px;--top-mod-m:100px;--bottom-mod-m:100px;\" ><div class=\"slider-mod-wrap slider-style3 \" data-animation=\"fadein\"><div class=\"owl-carousel\" data-item=\"1\" data-mobileitem=\"3\" data-center=\"true\" data-autowidth=\"true\" data-slideby=\"1\" data-showdot=\"false\" data-nav=\"false\" data-loop=\"true\" data-margin=\"40\" data-marginmobile=\"10\" data-mousedrag=\"false\" data-mousewheel=\"false\" data-auto=\"true\" data-autoplayTimeout=\"5000\" data-transition=\"300\" data-lazy=\"true\" data-random=\"false\" style=\"height:60vh;\"><section class=\"item\"><div class=\"carousel-img-wrap ux-ajax-page-transition-link\" ><a href=\"#\" title=\"2024.03-VA-Ecologias-Hibridas-8\" rel=\" \"><img loading=\"lazy\" decoding=\"async\" width=\"2000\" height=\"1333\" src=\"https:\/\/ecologiashibridas.cl\/wp-content\/uploads\/2024\/06\/2024.03-VA-Ecologias-Hibridas-8-300x200.png\" data-src=\"https:\/\/ecologiashibridas.cl\/wp-content\/uploads\/2024\/06\/2024.03-VA-Ecologias-Hibridas-8.png\" class=\"single-fullwidth-slider-carousel-img attachment-all size-all owl-lazy\" alt=\"2024.03-VA-Ecologias-Hibridas-8\"><\/a><\/div><\/section><section class=\"item\"><div class=\"carousel-img-wrap ux-ajax-page-transition-link\" ><a href=\"#\" title=\"2024.03-VA-Ecologias-Hibridas-La-Moneda-MG-CH-25\" rel=\" \"><img loading=\"lazy\" decoding=\"async\" width=\"2560\" height=\"1707\" src=\"https:\/\/ecologiashibridas.cl\/wp-content\/uploads\/2024\/06\/2024.03-VA-Ecologias-Hibridas-La-Moneda-MG-CH-25-300x200.jpg\" data-src=\"https:\/\/ecologiashibridas.cl\/wp-content\/uploads\/2024\/06\/2024.03-VA-Ecologias-Hibridas-La-Moneda-MG-CH-25-scaled.jpg\" class=\"single-fullwidth-slider-carousel-img attachment-all size-all owl-lazy\" alt=\"2024.03-VA-Ecologias-Hibridas-La-Moneda-MG-CH-25\"><\/a><\/div><\/section><section class=\"item\"><div class=\"carousel-img-wrap ux-ajax-page-transition-link\" ><a href=\"#\" title=\"2024.03-VA-Ecologias-Hibridas-La-Moneda-MG-CH-22\" rel=\" \"><img loading=\"lazy\" decoding=\"async\" width=\"2560\" height=\"1707\" src=\"https:\/\/ecologiashibridas.cl\/wp-content\/uploads\/2024\/06\/2024.03-VA-Ecologias-Hibridas-La-Moneda-MG-CH-22-300x200.jpg\" data-src=\"https:\/\/ecologiashibridas.cl\/wp-content\/uploads\/2024\/06\/2024.03-VA-Ecologias-Hibridas-La-Moneda-MG-CH-22-scaled.jpg\" class=\"single-fullwidth-slider-carousel-img attachment-all size-all owl-lazy\" alt=\"2024.03-VA-Ecologias-Hibridas-La-Moneda-MG-CH-22\"><\/a><\/div><\/section><section class=\"item\"><div class=\"carousel-img-wrap ux-ajax-page-transition-link\" ><a href=\"#\" title=\"2024.03-VA-Ecologias-Hibridas-La-Moneda-MG-CH-5\" rel=\" \"><img loading=\"lazy\" decoding=\"async\" width=\"1500\" height=\"2250\" src=\"https:\/\/ecologiashibridas.cl\/wp-content\/uploads\/2024\/06\/2024.03-VA-Ecologias-Hibridas-La-Moneda-MG-CH-5-200x300.png\" data-src=\"https:\/\/ecologiashibridas.cl\/wp-content\/uploads\/2024\/06\/2024.03-VA-Ecologias-Hibridas-La-Moneda-MG-CH-5.png\" class=\"single-fullwidth-slider-carousel-img attachment-all size-all owl-lazy\" alt=\"2024.03-VA-Ecologias-Hibridas-La-Moneda-MG-CH-5\"><\/a><\/div><\/section><\/div><\/div><!--End slider-wrap--><\/div><\/div><div id=\"\" class=\"module col-6 module-id-1718998685348Vr52Z col-offset-1\" data-module-col=\"6\"><div class=\"module-inside text-inside\" style=\"--top-mod: 0px;--bottom-mod: 20px;--top-mod-t: 0px;--bottom-mod-t: 20px;--top-mod-m:0px;--bottom-mod-m:10px;\" ><div class=\"text_block_out\"  data-effect=\"standard\" style=\"\"><div class=\"text_block ux-mod-nobg\"><div class=\"text_block_inn\"><div id=\"text-1718998685348Vr52Z\" class=\"text_block_centered text_block_centered_enable_width\"  style=\"\"><div class=\"_layer_1p757_1\">\n<div class=\"_sc-annotation-conductor-layer_16b83_1 _sc-annotation-conductor-layer__can-create_16b83_10\" tabindex=\"-1\">\n<div class=\"_highlight-creation-layer_8v4o0_1\">\n<p><span class=\"_ekabin0_3-1-0 dig-Theme-vis2023 dig-Theme-vis2023--bright dig-Mode--bright In-Theme-Provider\">La instalaci\u00f3n invitaba a la gente a generar sus propias im\u00e1genes mediante la interacci\u00f3n con dos modelos de IA. Luego de generar una de estas im\u00e1genes, esta se proyectaba en una de las paredes de la sala, al mismo tiempo que 32ml de agua ca\u00eda de una esfera hecha de mycelios. Esta cantidad proviene del <a href=\"https:\/\/ecologiashibridas.cl\/index.php\/argumento\/\">c\u00e1lculo que realizamos<\/a> para identificarla huella h\u00eddrica de una imagen generada por el modelo Stable Diffusion.<\/span><\/p>\n<\/div>\n<\/div>\n<\/div><\/div><\/div><\/div><\/div><\/div><\/div><div id=\"\" class=\"module col-6 module-id-1760566826044 col-offset-5\" data-module-col=\"6\"><div class=\"module-inside text-inside\" style=\"--top-mod: 40px;--bottom-mod: 0px;--top-mod-t: 30px;--bottom-mod-t: 0px;--top-mod-m:40px;--bottom-mod-m:0px;\" ><div class=\"text_block_out\"  data-effect=\"standard\" style=\"\"><div class=\"text_block ux-mod-nobg\"><div class=\"text_block_inn\"><div id=\"text-1760566826044\" class=\"text_block_centered text_block_centered_enable_width\"  style=\"\"><h4 class=\"_annotation-rectangle-creation-layer_8v4o0_33\"><span class=\"_ekabin0_3-1-0 dig-Theme-vis2023 dig-Theme-vis2023--bright dig-Mode--bright In-Theme-Provider\">Durante la exhibici\u00f3n, los visitantes generaron una colecci\u00f3n de im\u00e1genes co-creadas con la IA (m\u00e1s de 12.000) sobre la tensi\u00f3n entre desarrollo tecnol\u00f3gico y medio ambiente, materializando el consumo de agua de la IA.<\/span><\/h4><\/div><\/div><\/div><\/div><\/div><\/div><div id=\"\" class=\"module col-6 module-id-1760566879481 col-offset-1\" data-module-col=\"6\"><div class=\"module-inside text-inside\" style=\"--top-mod: 80px;--bottom-mod: 0px;--top-mod-t: 80px;--bottom-mod-t: 0px;--top-mod-m:40px;--bottom-mod-m:0px;\" ><div class=\"text_block_out\"  data-effect=\"standard\" style=\"\"><div class=\"text_block ux-mod-nobg\"><div class=\"text_block_inn\"><div id=\"text-1760566879481\" class=\"text_block_centered text_block_centered_enable_width\"  style=\"\"><p><span class=\"_ekabin0_3-1-0 dig-Theme-vis2023 dig-Theme-vis2023--bright dig-Mode--bright In-Theme-Provider\">Es importante destacar que este proyecto surgi\u00f3 de un proceso de investigaci\u00f3n interdisciplinar en la encrucijada del dise\u00f1o, las ciencias sociales, la ingenier\u00eda y el arte. Este enfoque integral refleja nuestra pr\u00e1ctica m\u00e1s amplia, que busca constantemente reducirlas diferencias disciplinarias para abordar cuestiones ecol\u00f3gicas y tecnol\u00f3gicas complejas. Al crear un espacio para la interacci\u00f3n y la contemplaci\u00f3n, nos centramos en fomentar nuevas formas de entender y abordar el impacto global de la IA.<\/span><\/p><\/div><\/div><\/div><\/div><\/div><\/div><div id=\"\" class=\"module col-12 module-id-1719000342072H3jv3\" data-module-col=\"12\"><div class=\"module-inside divide-inside\" style=\"--top-mod: 0px;--bottom-mod: 100px;--top-mod-t: 0px;--bottom-mod-t: 100px;--top-mod-m:0px;--bottom-mod-m:100px;\" ><div class=\"sea-divide divide-blank\"><\/div><\/div><\/div><div id=\"\" class=\"module col-4 module-id-1758650352320 col-offset-4\" data-module-col=\"4\"><div class=\"module-inside divide-inside\" style=\"--top-mod: 0px;--bottom-mod: 100px;--top-mod-t: 0px;--bottom-mod-t: 100px;--top-mod-m:0px;--bottom-mod-m:100px;\" ><div class=\"sea-divide divide-line ux-mod-nobg\" ><\/div><\/div><\/div><div id=\"\" class=\"module col-10 module-id-1719000458322 col-offset-1\" data-module-col=\"10\"><div class=\"module-inside embed-inside\" style=\"--cornerRadius:0px 0px 0px 0px ; --top-mod: 0px;--bottom-mod: 0px;--top-mod-t: 0px;--bottom-mod-t: 0px;--top-mod-m:0px;--bottom-mod-m:0px;\" ><div class=\"embed-wrap  \" style=\"\" ><div style=\"padding:56.25% 0 0 0;position:relative\"><iframe src=\"https:\/\/player.vimeo.com\/video\/964840750?h=00309b5be5&amp;title=0&amp;byline=0&amp;portrait=0\" style=\"position:absolute;top:0;left:0;width:100%;height:100%\" frameborder=\"0\" allowfullscreen><\/iframe><\/div><\/div><\/div><\/div><div id=\"\" class=\"module col-12 module-id-1718999434604\" data-module-col=\"12\"><div class=\"module-inside divide-inside\" style=\"--top-mod: 0px;--bottom-mod: 0px;--top-mod-t: 0px;--bottom-mod-t: 0px;--top-mod-m:0px;--bottom-mod-m:0px;\" ><div class=\"sea-divide divide-blank\"><\/div><\/div><\/div><div id=\"\" class=\"module col-12 module-id-1718999399087 col-offset-1\" data-module-col=\"12\"><div class=\"module-inside text-inside\" style=\"--top-mod: 0px;--bottom-mod: 0px;--top-mod-t: 0px;--bottom-mod-t: 0px;--top-mod-m:0px;--bottom-mod-m:0px;\" ><div class=\"text_block_out\"  data-effect=\"standard\" style=\"\"><div class=\"text_block ux-mod-nobg\"><div class=\"text_block_inn\"><div id=\"text-1718999399087\" class=\"text_block_centered text_block_centered_enable_width\"  style=\"\"><p><strong>Encuentra m\u00e1s detalles en el brochure del proyecto<\/strong><\/p><\/div><\/div><\/div><\/div><\/div><\/div><div id=\"\" class=\"module col-12 module-id-1719000111052\" data-module-col=\"12\"><div class=\"module-inside divide-inside\" style=\"--top-mod: 0px;--bottom-mod: 0px;--top-mod-t: 0px;--bottom-mod-t: 0px;--top-mod-m:0px;--bottom-mod-m:0px;\" ><div class=\"sea-divide divide-blank\"><\/div><\/div><\/div><div id=\"\" class=\"module col-3 module-id-1718999455320 col-offset-1\" data-module-col=\"3\"><div class=\"module-inside button-inside\" style=\"--top-mod: 0px;--bottom-mod: 0px;--top-mod-t: 0px;--bottom-mod-t: 0px;--top-mod-m:0px;--bottom-mod-m:0px;\" ><div class=\"btn-mod-wrap btn-1718999455320 btn-left btn-left-m ux-horizontal ux-btn-wrap-regular\" style=\"\"><a class=\"ux-btn ux-btn-a-0 ux-cb-btn-1718999455320_0 fadeInM btn-show-img over-btn \" style=\"--fontsizeBtn: 16px;--fontsizeBtnT: 16px;--fontsizeBtnM: 14px;--lineHeightBtn: 1.5;--letterSpacingBtn: normal;\" href=\"http:\/\/ecologiashibridas.cl\/wp-content\/uploads\/2024\/06\/Ecologias-Hibridas.pdf\" target=\"_self\" rel=\" \" download ><span class=\"ux-btn-text-wrap\"><span class=\"ux-btn-text\">Descargar brochure<\/span><\/span><\/a><div class=\"btn-img-wrap btn-img-0\" data-btnitem=\"0\" style=\"--widthBtnHoverImg: 0px; --widthBtnHoverImgM: 0px;--spaceBtnHoverImg: 0px; --spaceBtnHoverImgM: 0px;\"><img decoding=\"async\" src=\"https:\/\/ecologiashibridas.cl\/wp-content\/uploads\/2024\/06\/Captura-de-pantalla-2024-06-21-a-las-15.52.18.png\" class=\"btn-img-inn\" alt=\"\"><\/div><\/div><\/div><\/div><div id=\"\" class=\"module col-12 module-id-1719002174326\" data-module-col=\"12\"><div class=\"module-inside divide-inside\" style=\"--top-mod: 0px;--bottom-mod: 0px;--top-mod-t: 0px;--bottom-mod-t: 0px;--top-mod-m:0px;--bottom-mod-m:0px;\" ><div class=\"sea-divide divide-blank\"><\/div><\/div><\/div><div id=\"\" class=\"module col-0 module-id-1719002186209\" data-module-col=\"0\"><div class=\"module-inside single-image-inside\" style=\"--cornerRadius:0px 0px 0px 0px ; --top-mod: 0px;--bottom-mod: 0px;--top-mod-t: 0px;--bottom-mod-t: 0px;--top-mod-m:0px;--bottom-mod-m:0px;\" ><div class=\"single-image-out  \"  ><figure class=\"single-image   single-image-full   \" no><div class=\"ux-hover-wrap anima-wrap\" style=\"padding-top: 26.640625%;\"><span class=\"ux-hover-wrap-a\"><img loading=\"lazy\" decoding=\"async\" alt=\"footer4-02\" class=\"single-image-img img1st lazy \" src=\"data:image\/gif;base64,R0lGODlhAQABAIAAAAAAAP\/\/\/yH5BAEAAAAALAAAAAABAAEAAAIBRAA7\" data-src=\"https:\/\/ecologiashibridas.cl\/wp-content\/uploads\/2023\/11\/footer4-02-scaled.jpg\" data-srcset=\"https:\/\/ecologiashibridas.cl\/wp-content\/uploads\/2023\/11\/footer4-02-scaled.jpg 2560w, https:\/\/ecologiashibridas.cl\/wp-content\/uploads\/2023\/11\/footer4-02-300x80.jpg 300w, https:\/\/ecologiashibridas.cl\/wp-content\/uploads\/2023\/11\/footer4-02-1024x273.jpg 1024w, https:\/\/ecologiashibridas.cl\/wp-content\/uploads\/2023\/11\/footer4-02-768x205.jpg 768w, https:\/\/ecologiashibridas.cl\/wp-content\/uploads\/2023\/11\/footer4-02-1536x409.jpg 1536w, https:\/\/ecologiashibridas.cl\/wp-content\/uploads\/2023\/11\/footer4-02-2048x546.jpg 2048w, https:\/\/ecologiashibridas.cl\/wp-content\/uploads\/2023\/11\/footer4-02-350x93.jpg 350w, https:\/\/ecologiashibridas.cl\/wp-content\/uploads\/2023\/11\/footer4-02-650x173.jpg 650w, https:\/\/ecologiashibridas.cl\/wp-content\/uploads\/2023\/11\/footer4-02-1000x266.jpg 1000w, https:\/\/ecologiashibridas.cl\/wp-content\/uploads\/2023\/11\/footer4-02-2000x533.jpg 2000w\" data-sizes=\"(max-width: 480px) 320px,(max-width: 767px) 500px,(max-width: 2560px) 100vw, 2560px\" width=\"2560\" height=\"682\" \/><\/span><\/div><\/figure><\/div><\/div><\/div><\/div>","protected":false},"excerpt":{"rendered":"<p>Centro Cultural La Moneda 2023Visualizando la huella terrestre de la &hellip;<\/p>\n","protected":false},"author":1,"featured_media":0,"parent":0,"menu_order":0,"comment_status":"closed","ping_status":"closed","template":"","meta":{"footnotes":""},"_links":{"self":[{"href":"https:\/\/ecologiashibridas.cl\/index.php\/wp-json\/wp\/v2\/pages\/1110"}],"collection":[{"href":"https:\/\/ecologiashibridas.cl\/index.php\/wp-json\/wp\/v2\/pages"}],"about":[{"href":"https:\/\/ecologiashibridas.cl\/index.php\/wp-json\/wp\/v2\/types\/page"}],"author":[{"embeddable":true,"href":"https:\/\/ecologiashibridas.cl\/index.php\/wp-json\/wp\/v2\/users\/1"}],"replies":[{"embeddable":true,"href":"https:\/\/ecologiashibridas.cl\/index.php\/wp-json\/wp\/v2\/comments?post=1110"}],"version-history":[{"count":3,"href":"https:\/\/ecologiashibridas.cl\/index.php\/wp-json\/wp\/v2\/pages\/1110\/revisions"}],"predecessor-version":[{"id":1369,"href":"https:\/\/ecologiashibridas.cl\/index.php\/wp-json\/wp\/v2\/pages\/1110\/revisions\/1369"}],"wp:attachment":[{"href":"https:\/\/ecologiashibridas.cl\/index.php\/wp-json\/wp\/v2\/media?parent=1110"}],"curies":[{"name":"wp","href":"https:\/\/api.w.org\/{rel}","templated":true}]}}