{"id":1384,"date":"2025-08-25T21:28:04","date_gmt":"2025-08-26T00:28:04","guid":{"rendered":"https:\/\/ecologiashibridas.cl\/?page_id=1384"},"modified":"2025-10-11T16:49:38","modified_gmt":"2025-10-11T19:49:38","slug":"__trashed-2","status":"publish","type":"page","link":"https:\/\/ecologiashibridas.cl\/index.php\/__trashed-2\/","title":{"rendered":"Bienal de Venecia 2025"},"content":{"rendered":"<div class=\"bm-builder clearfix \"><div id=\"\" class=\"module col-12 module-id-1745528067793 col-offset-0\" data-module-col=\"12\"><div class=\"module-inside text-inside\" style=\"--top-mod: 0px;--bottom-mod: 0px;--top-mod-t: 60px;--bottom-mod-t: 0px;--top-mod-m:30px;--bottom-mod-m:0px;\" ><div class=\"text_block_out\"  data-effect=\"standard\" style=\"\"><div class=\"text_block ux-mod-nobg\"><div class=\"text_block_inn\"><div id=\"text-1745528067793\" class=\"text_block_centered text_block_centered_enable_width\"  style=\"\"><h5 style=\"text-align: center;\"><span style=\"font-family: ux-font-1700496875872; color: #645f5b;\">Bienal Arquitectura de Venecia<\/span><\/h5><\/div><\/div><\/div><\/div><\/div><\/div><div id=\"\" class=\"module col-6 module-id-1758653800812 col-offset-3\" data-module-col=\"6\"><div class=\"module-inside text-inside\" style=\"--top-mod: 20px;--bottom-mod: 0px;--top-mod-t: 20px;--bottom-mod-t: 0px;--top-mod-m:10px;--bottom-mod-m:0px;\" ><div class=\"text_block_out\"  data-effect=\"standard\" style=\"\"><div class=\"text_block ux-mod-nobg\"><div class=\"text_block_inn\"><div id=\"text-1758653800812\" class=\"text_block_centered text_block_centered_enable_width\"  style=\"\"><h1 style=\"text-align: center;\"><span style=\"font-family: ux-font-1700495499962; color: #f7a0f9;\">Hybrid Ecologies: the planetary metabolism of AI<\/span><\/h1><\/div><\/div><\/div><\/div><\/div><\/div><div id=\"\" class=\"module col-6 module-id-1756169082094 col-offset-1\" data-module-col=\"6\"><div class=\"module-inside text-inside\" style=\"--top-mod: 100px;--bottom-mod: 20px;--top-mod-t: 100px;--bottom-mod-t: 20px;--top-mod-m:30px;--bottom-mod-m:10px;\" ><div class=\"text_block_out\"  data-effect=\"standard\" style=\"\"><div class=\"text_block ux-mod-nobg\"><div class=\"text_block_inn\"><div id=\"text-1756169082094\" class=\"text_block_centered text_block_centered_enable_width\"  style=\"\"><p style=\"text-align: left;\"><strong>Exploraci\u00f3n generativa de las inteligencias del agua<\/strong><\/p>\n<p>&nbsp;<\/p>\n<p>\u00bfPodemos imaginar una inteligencia artificial que, en lugar de limitarse a extraer recursos del planeta, establezca v\u00ednculos de reciprocidad con los ecosistemas que la sostienen? \u00bfEs posible concebir una IA que no olvide sus or\u00edgenes materiales y terrestres, y que responda a ellos mediante actos de cuidado, reconocimiento y reparaci\u00f3n? \u00bfPuede la inteligencia artificial convertirse en una herramienta de diplomacia interespecie, mediando entre formas de vida humanas y no humanas para abrir espacios de escucha, cuidado y cohabitaci\u00f3n en un planeta com\u00fan?<\/p>\n<p>&nbsp;<\/p>\n<p>Estas preguntas est\u00e1n en el coraz\u00f3n de <em>Hybrid Ecologies: The Planetary Metabolism of AI<\/em>, una instalaci\u00f3n que indaga en el papel vital del agua en el funcionamiento y expansi\u00f3n de la inteligencia artificial. Presente en grandes vol\u00famenes para enfriar centros de datos, el agua sostiene silenciosamente el metabolismo de la IA.<\/p>\n<p>&nbsp;<\/p>\n<p>Sin embargo, la relevancia del agua no se reduce a su dimensi\u00f3n t\u00e9cnica: es tambi\u00e9n una entidad viva, capaz de portar memorias, entrelazar territorios y modelar paisajes. Repensar nuestra relaci\u00f3n con ella implica ir m\u00e1s all\u00e1 de una visi\u00f3n puramente instrumental y abrirnos a formas de convivencia m\u00e1s respetuosas y colaborativas. En este marco, las infraestructuras digitales que sostienen a la sociedad contempor\u00e1nea generan una deuda con el agua \u2014una deuda que no puede saldarse \u00fanicamente con mejoras de eficiencia o con innovaciones tecnol\u00f3gicas\u2014. Lo que se requiere es reimaginar pr\u00e1cticas de reparaci\u00f3n, tanto materiales como simb\u00f3licas, que reconozcan su inteligencia ambiental y su papel insustituible en la habitabilidad del planeta.<\/p><\/div><\/div><\/div><\/div><\/div><\/div><div id=\"\" class=\"module col-6 module-id-1758825349703 col-offset-5\" data-module-col=\"6\"><div class=\"module-inside text-inside\" style=\"--top-mod: 30px;--bottom-mod: 0px;--top-mod-t: 0px;--bottom-mod-t: 0px;--top-mod-m:30px;--bottom-mod-m:0px;\" ><div class=\"text_block_out\"  data-effect=\"standard\" style=\"\"><div class=\"text_block ux-mod-nobg\"><div class=\"text_block_inn\"><div id=\"text-1758825349703\" class=\"text_block_centered text_block_centered_enable_width\"  style=\"\"><h4>De all\u00ed la urgencia de desplegar y dise\u00f1ar formas de inteligencia artificial que no solo optimicen el consumo h\u00eddrico, sino que contribuyan a visibilizar la vitalidad del agua y su capacidad regenerativa.<\/h4><\/div><\/div><\/div><\/div><\/div><\/div><div id=\"\" class=\"module col-12 module-id-1758662127688\" data-module-col=\"12\"><div class=\"module-inside slider-inside post-0-1501\" style=\"--cornerRadius:0px 0px 0px 0px ; --top-mod: 100px;--bottom-mod: 100px;--top-mod-t: 100px;--bottom-mod-t: 100px;--top-mod-m:100px;--bottom-mod-m:100px;\" ><div class=\"slider-mod-wrap slider-style3 \" ><div class=\"owl-carousel\" data-item=\"1\" data-mobileitem=\"3\" data-center=\"true\" data-autowidth=\"true\" data-slideby=\"1\" data-showdot=\"false\" data-nav=\"false\" data-loop=\"true\" data-margin=\"40\" data-marginmobile=\"10\" data-mousedrag=\"false\" data-mousewheel=\"false\" data-auto=\"true\" data-autoplayTimeout=\"5000\" data-transition=\"300\" data-lazy=\"true\" data-random=\"false\" style=\"height:60vh;\"><section class=\"item\"><div class=\"carousel-img-wrap ux-ajax-page-transition-link\" ><a href=\"#\" title=\"EH\" rel=\" \"><img loading=\"lazy\" decoding=\"async\" width=\"2560\" height=\"1708\" src=\"https:\/\/ecologiashibridas.cl\/wp-content\/uploads\/2025\/09\/Sin-ti\u0301tulo2-1311-300x200.jpg\" data-src=\"https:\/\/ecologiashibridas.cl\/wp-content\/uploads\/2025\/09\/Sin-ti\u0301tulo2-1311-scaled.jpg\" class=\"single-fullwidth-slider-carousel-img attachment-all size-all owl-lazy\" alt=\"EH\"><\/a><\/div><\/section><section class=\"item\"><div class=\"carousel-img-wrap ux-ajax-page-transition-link\" ><a href=\"#\" title=\"EH2\" rel=\" \"><img loading=\"lazy\" decoding=\"async\" width=\"1862\" height=\"2560\" src=\"https:\/\/ecologiashibridas.cl\/wp-content\/uploads\/2025\/09\/Sin-ti\u0301tulo2-1307-218x300.jpg\" data-src=\"https:\/\/ecologiashibridas.cl\/wp-content\/uploads\/2025\/09\/Sin-ti\u0301tulo2-1307-scaled.jpg\" class=\"single-fullwidth-slider-carousel-img attachment-all size-all owl-lazy\" alt=\"EH2\"><\/a><\/div><\/section><section class=\"item\"><div class=\"carousel-img-wrap ux-ajax-page-transition-link\" ><a href=\"#\" title=\"EH4\" rel=\" \"><img loading=\"lazy\" decoding=\"async\" width=\"2560\" height=\"1707\" src=\"https:\/\/ecologiashibridas.cl\/wp-content\/uploads\/2025\/09\/Sin-ti\u0301tulo2-1308-300x200.jpg\" data-src=\"https:\/\/ecologiashibridas.cl\/wp-content\/uploads\/2025\/09\/Sin-ti\u0301tulo2-1308-scaled.jpg\" class=\"single-fullwidth-slider-carousel-img attachment-all size-all owl-lazy\" alt=\"EH4\"><\/a><\/div><\/section><section class=\"item\"><div class=\"carousel-img-wrap ux-ajax-page-transition-link\" ><a href=\"#\" title=\"EH3\" rel=\" \"><img loading=\"lazy\" decoding=\"async\" width=\"2560\" height=\"1707\" src=\"https:\/\/ecologiashibridas.cl\/wp-content\/uploads\/2025\/09\/Sin-ti\u0301tulo2-1310-300x200.jpg\" data-src=\"https:\/\/ecologiashibridas.cl\/wp-content\/uploads\/2025\/09\/Sin-ti\u0301tulo2-1310-scaled.jpg\" class=\"single-fullwidth-slider-carousel-img attachment-all size-all owl-lazy\" alt=\"EH3\"><\/a><\/div><\/section><section class=\"item\"><div class=\"carousel-img-wrap ux-ajax-page-transition-link\" ><a href=\"#\" title=\"EH5\" rel=\" \"><img loading=\"lazy\" decoding=\"async\" width=\"1862\" height=\"2560\" src=\"https:\/\/ecologiashibridas.cl\/wp-content\/uploads\/2025\/09\/Sin-ti\u0301tulo2-1309-218x300.jpg\" data-src=\"https:\/\/ecologiashibridas.cl\/wp-content\/uploads\/2025\/09\/Sin-ti\u0301tulo2-1309-scaled.jpg\" class=\"single-fullwidth-slider-carousel-img attachment-all size-all owl-lazy\" alt=\"EH5\"><\/a><\/div><\/section><\/div><\/div><!--End slider-wrap--><\/div><\/div><div id=\"\" class=\"module col-6 module-id-1758825650693hNpYz col-offset-1\" data-module-col=\"6\"><div class=\"module-inside text-inside\" style=\"--top-mod: 0px;--bottom-mod: 20px;--top-mod-t: 0px;--bottom-mod-t: 20px;--top-mod-m:0px;--bottom-mod-m:10px;\" ><div class=\"text_block_out\"  data-effect=\"standard\" style=\"\"><div class=\"text_block ux-mod-nobg\"><div class=\"text_block_inn\"><div id=\"text-1758825650693hNpYz\" class=\"text_block_centered text_block_centered_enable_width\"  style=\"\"><p style=\"text-align: left;\"><strong>Hacia una IA terrestre<\/strong><\/p>\n<p>&nbsp;<\/p>\n<p>La apuesta de esta instalaci\u00f3n es imaginar una IA terrestre: una inteligencia anclada en la materialidad planetaria que, en este horizonte, pueda convertirse en mediadora de nuevas relaciones con los territorios y con las m\u00faltiples formas de vida que los habitan, fomentando din\u00e1micas de cuidado, reciprocidad y justicia h\u00eddrica.<\/p>\n<p>&nbsp;<\/p>\n<p>Partimos de la premisa de que el agua encarna una forma de inteligencia planetaria \u2014con sus patrones de circulaci\u00f3n, su memoria clim\u00e1tica y su capacidad de adaptaci\u00f3n\u2014. Desde esta perspectiva, la inteligencia artificial puede ser pensada no s\u00f3lo como una tecnolog\u00eda de optimizaci\u00f3n, sino como una herramienta para visibilizar y amplificar esa inteligencia.<\/p>\n<p>&nbsp;<\/p>\n<p>En esta instalaci\u00f3n hemos puesto a la IA a trabajar como una <strong>aliada especulativa,<\/strong> capaz de sumergirnos en las m\u00faltiples maneras en que el agua habita, recuerda y act\u00faa. No se trata de hablar por el agua ni de traducirla en un lenguaje humano, sino de explorar modos de sintonizar con sus signos, ritmos y memorias. La IA se convierte as\u00ed en un dispositivo de mediaci\u00f3n que, m\u00e1s que representar, nos invita a afinar la sensibilidad para reconocer al agua como interlocutora, desplegando una pedagog\u00eda de atenci\u00f3n y cuidado hacia su inteligencia terrestre.<\/p><\/div><\/div><\/div><\/div><\/div><\/div><div id=\"\" class=\"module col-6 module-id-1758825782442KBgAJ col-offset-5\" data-module-col=\"6\"><div class=\"module-inside text-inside\" style=\"--top-mod: 30px;--bottom-mod: 0px;--top-mod-t: 0px;--bottom-mod-t: 0px;--top-mod-m:30px;--bottom-mod-m:0px;\" ><div class=\"text_block_out\"  data-effect=\"standard\" style=\"\"><div class=\"text_block ux-mod-nobg\"><div class=\"text_block_inn\"><div id=\"text-1758825782442KBgAJ\" class=\"text_block_centered text_block_centered_enable_width\"  style=\"\"><h4><em>Hybrid Ecologies<\/em> busca as\u00ed reconocer todo lo que el agua hace por \u2014y con\u2014 nosotros: modela paisajes, enlaza territorios, transmite memorias, hidrata especies y sostiene la vida misma del planeta.<\/h4><\/div><\/div><\/div><\/div><\/div><\/div><div id=\"\" class=\"module col-6 module-id-1756171877098 col-offset-1\" data-module-col=\"6\"><div class=\"module-inside text-inside\" style=\"--top-mod: 80px;--bottom-mod: 0px;--top-mod-t: 80px;--bottom-mod-t: 0px;--top-mod-m:40px;--bottom-mod-m:0px;\" ><div class=\"text_block_out\"  data-effect=\"standard\" style=\"\"><div class=\"text_block ux-mod-nobg\"><div class=\"text_block_inn\"><div id=\"text-1756171877098\" class=\"text_block_centered text_block_centered_enable_width\"  style=\"\"><p><strong>Visualizando la Inteligencia del Agua con IA<\/strong><\/p>\n<p>&nbsp;<\/p>\n<p>Para hacer visibles estos conceptos, seguimos un proceso generativo y especulativo usando Stable Diffusion XL. Curamos un conjunto de entradas textuales y visuales que guiaron al modelo en la producci\u00f3n de im\u00e1genes que reflejan las m\u00faltiples inteligencias del agua. Estas representaciones fusionan rigor conceptual y especulaci\u00f3n po\u00e9tica, invit\u00e1ndonos a reimaginar nuestra relaci\u00f3n con el mundo viviente a trav\u00e9s del cuidado, la reciprocidad y la interdependencia.<\/p><\/div><\/div><\/div><\/div><\/div><\/div><div id=\"\" class=\"module col-6 module-id-17602224383715NMEu col-offset-1\" data-module-col=\"6\"><div class=\"module-inside text-inside\" style=\"--top-mod: 80px;--bottom-mod: 0px;--top-mod-t: 80px;--bottom-mod-t: 0px;--top-mod-m:40px;--bottom-mod-m:0px;\" ><div class=\"text_block_out\"  data-effect=\"standard\" style=\"\"><div class=\"text_block ux-mod-nobg\"><div class=\"text_block_inn\"><div id=\"text-17602224383715NMEu\" class=\"text_block_centered text_block_centered_enable_width\"  style=\"\"><p><b>Generaci\u00f3n de sonidos <\/b><\/p>\n<p>&nbsp;<\/p>\n<p>El paisaje sonoro de la instalaci\u00f3n surge de un banco de sonidos que combina pads electr\u00f3nicos (texturas atmosf\u00e9ricas y sostenidas) con registros de la naturaleza y sonidos de agua. Cada interacci\u00f3n del p\u00fablico activa nuevas combinaciones, que se modulan en tiempo real para producir variaciones \u00fanicas. As\u00ed, el sonido evoluciona junto a las im\u00e1genes, entrelazando lo natural y lo digital en un ambiente siempre cambiante.<\/p><\/div><\/div><\/div><\/div><\/div><\/div><div id=\"\" class=\"module col-12 module-id-1758655841688\" data-module-col=\"12\"><div class=\"module-inside divide-inside\" style=\"--top-mod: 0px;--bottom-mod: 0px;--top-mod-t: 0px;--bottom-mod-t: 0px;--top-mod-m:0px;--bottom-mod-m:0px;\" ><div class=\"sea-divide divide-blank\"><\/div><\/div><\/div><div id=\"\" class=\"module col-4 module-id-1758648877141 col-offset-4\" data-module-col=\"4\"><div class=\"module-inside divide-inside\" style=\"--top-mod: 100px;--bottom-mod: 100px;--top-mod-t: 0px;--bottom-mod-t: 100px;--top-mod-m:50px;--bottom-mod-m:100px;\" ><div class=\"sea-divide divide-line ux-mod-nobg\" ><\/div><\/div><\/div><div id=\"\" class=\"module col-10 module-id-1756172239358 col-offset-1\" data-module-col=\"10\"><div class=\"module-inside embed-inside\" style=\"--cornerRadius:0px 0px 0px 0px ; --top-mod: 0px;--bottom-mod: 0px;--top-mod-t: 0px;--bottom-mod-t: 0px;--top-mod-m:0px;--bottom-mod-m:0px;\" ><div class=\"embed-wrap embed-wrap-with-radio embed-wrap-has-cover\" style=\"padding-bottom:56.25%;\" ><div class=\"embed-video-cover\"><img decoding=\"async\" class=\"embed-video-cover-img lazy\" src=\"data:image\/gif;base64,R0lGODlhAQABAIAAAAAAAP\/\/\/yH5BAEAAAAALAAAAAABAAEAAAIBRAA7\" data-src=\"https:\/\/ecologiashibridas.cl\/wp-content\/uploads\/2025\/08\/Captura-de-pantalla-2025-08-25-a-las-9.40.35\u202fp.m.png\" alt=\"Captura de pantalla 2025-08-25 a la(s) 9.40.35\u202fp.m.\" data-srcset=\"https:\/\/ecologiashibridas.cl\/wp-content\/uploads\/2025\/08\/Captura-de-pantalla-2025-08-25-a-las-9.40.35\u202fp.m.png 3024w, https:\/\/ecologiashibridas.cl\/wp-content\/uploads\/2025\/08\/Captura-de-pantalla-2025-08-25-a-las-9.40.35\u202fp.m-300x168.png 300w, https:\/\/ecologiashibridas.cl\/wp-content\/uploads\/2025\/08\/Captura-de-pantalla-2025-08-25-a-las-9.40.35\u202fp.m-1024x575.png 1024w, https:\/\/ecologiashibridas.cl\/wp-content\/uploads\/2025\/08\/Captura-de-pantalla-2025-08-25-a-las-9.40.35\u202fp.m-768x431.png 768w, https:\/\/ecologiashibridas.cl\/wp-content\/uploads\/2025\/08\/Captura-de-pantalla-2025-08-25-a-las-9.40.35\u202fp.m-1536x862.png 1536w, https:\/\/ecologiashibridas.cl\/wp-content\/uploads\/2025\/08\/Captura-de-pantalla-2025-08-25-a-las-9.40.35\u202fp.m-2048x1150.png 2048w, https:\/\/ecologiashibridas.cl\/wp-content\/uploads\/2025\/08\/Captura-de-pantalla-2025-08-25-a-las-9.40.35\u202fp.m-350x197.png 350w, https:\/\/ecologiashibridas.cl\/wp-content\/uploads\/2025\/08\/Captura-de-pantalla-2025-08-25-a-las-9.40.35\u202fp.m-650x365.png 650w, https:\/\/ecologiashibridas.cl\/wp-content\/uploads\/2025\/08\/Captura-de-pantalla-2025-08-25-a-las-9.40.35\u202fp.m-1000x562.png 1000w, https:\/\/ecologiashibridas.cl\/wp-content\/uploads\/2025\/08\/Captura-de-pantalla-2025-08-25-a-las-9.40.35\u202fp.m-2000x1123.png 2000w, https:\/\/ecologiashibridas.cl\/wp-content\/uploads\/2025\/08\/Captura-de-pantalla-2025-08-25-a-las-9.40.35\u202fp.m-800x450.png 800w\" data-sizes=\"(max-width: 3024px) 100vw, 3024px\"><span class=\"fa fas fa-play video-play-btn\"><\/span><\/div><iframe class=\"lazy\" data-src=\"\/\/www.youtube.com\/embed\/UfFMztCU8lA?autoplay=1&amp;mute=1&amp;loop=1&amp;playlist=UfFMztCU8lA\" allowfullscreen><\/iframe><\/div><\/div><\/div><div id=\"\" class=\"module col-12 module-id-1756175007187\" data-module-col=\"12\"><div class=\"module-inside divide-inside\" style=\"--top-mod: 0px;--bottom-mod: 0px;--top-mod-t: 0px;--bottom-mod-t: 0px;--top-mod-m:0px;--bottom-mod-m:0px;\" ><div class=\"sea-divide divide-blank\"><\/div><\/div><\/div><div id=\"\" class=\"module col-0 module-id-1756172789729\" data-module-col=\"0\"><div class=\"module-inside single-image-inside\" style=\"--cornerRadius:0px 0px 0px 0px ; --top-mod: 0px;--bottom-mod: 0px;--top-mod-t: 0px;--bottom-mod-t: 0px;--top-mod-m:0px;--bottom-mod-m:0px;\" ><div class=\"single-image-out  \"  ><figure class=\"single-image   single-image-full   \" no><div class=\"ux-hover-wrap anima-wrap\" style=\"padding-top: 26.640625%;\"><span class=\"ux-hover-wrap-a\"><img loading=\"lazy\" decoding=\"async\" alt=\"footer4-02\" class=\"single-image-img img1st lazy \" src=\"data:image\/gif;base64,R0lGODlhAQABAIAAAAAAAP\/\/\/yH5BAEAAAAALAAAAAABAAEAAAIBRAA7\" data-src=\"https:\/\/ecologiashibridas.cl\/wp-content\/uploads\/2023\/11\/footer4-02-scaled.jpg\" data-srcset=\"https:\/\/ecologiashibridas.cl\/wp-content\/uploads\/2023\/11\/footer4-02-scaled.jpg 2560w, https:\/\/ecologiashibridas.cl\/wp-content\/uploads\/2023\/11\/footer4-02-300x80.jpg 300w, https:\/\/ecologiashibridas.cl\/wp-content\/uploads\/2023\/11\/footer4-02-1024x273.jpg 1024w, https:\/\/ecologiashibridas.cl\/wp-content\/uploads\/2023\/11\/footer4-02-768x205.jpg 768w, https:\/\/ecologiashibridas.cl\/wp-content\/uploads\/2023\/11\/footer4-02-1536x409.jpg 1536w, https:\/\/ecologiashibridas.cl\/wp-content\/uploads\/2023\/11\/footer4-02-2048x546.jpg 2048w, https:\/\/ecologiashibridas.cl\/wp-content\/uploads\/2023\/11\/footer4-02-350x93.jpg 350w, https:\/\/ecologiashibridas.cl\/wp-content\/uploads\/2023\/11\/footer4-02-650x173.jpg 650w, https:\/\/ecologiashibridas.cl\/wp-content\/uploads\/2023\/11\/footer4-02-1000x266.jpg 1000w, https:\/\/ecologiashibridas.cl\/wp-content\/uploads\/2023\/11\/footer4-02-2000x533.jpg 2000w\" data-sizes=\"(max-width: 480px) 320px,(max-width: 767px) 500px,(max-width: 2560px) 100vw, 2560px\" width=\"2560\" height=\"682\" \/><\/span><\/div><\/figure><\/div><\/div><\/div><\/div>","protected":false},"excerpt":{"rendered":"<p>Bienal Arquitectura de VeneciaHybrid Ecologies: the planetary metabolism of AIExploraci\u00f3n &hellip;<\/p>\n","protected":false},"author":1,"featured_media":0,"parent":0,"menu_order":0,"comment_status":"closed","ping_status":"closed","template":"","meta":{"footnotes":""},"_links":{"self":[{"href":"https:\/\/ecologiashibridas.cl\/index.php\/wp-json\/wp\/v2\/pages\/1384"}],"collection":[{"href":"https:\/\/ecologiashibridas.cl\/index.php\/wp-json\/wp\/v2\/pages"}],"about":[{"href":"https:\/\/ecologiashibridas.cl\/index.php\/wp-json\/wp\/v2\/types\/page"}],"author":[{"embeddable":true,"href":"https:\/\/ecologiashibridas.cl\/index.php\/wp-json\/wp\/v2\/users\/1"}],"replies":[{"embeddable":true,"href":"https:\/\/ecologiashibridas.cl\/index.php\/wp-json\/wp\/v2\/comments?post=1384"}],"version-history":[{"count":3,"href":"https:\/\/ecologiashibridas.cl\/index.php\/wp-json\/wp\/v2\/pages\/1384\/revisions"}],"predecessor-version":[{"id":1500,"href":"https:\/\/ecologiashibridas.cl\/index.php\/wp-json\/wp\/v2\/pages\/1384\/revisions\/1500"}],"wp:attachment":[{"href":"https:\/\/ecologiashibridas.cl\/index.php\/wp-json\/wp\/v2\/media?parent=1384"}],"curies":[{"name":"wp","href":"https:\/\/api.w.org\/{rel}","templated":true}]}}