{"id":190,"date":"2023-11-17T08:00:00","date_gmt":"2023-11-17T11:00:00","guid":{"rendered":"http:\/\/ecologiashibridas.cl\/?page_id=190"},"modified":"2025-04-21T23:45:55","modified_gmt":"2025-04-22T02:45:55","slug":"argumento","status":"publish","type":"page","link":"https:\/\/ecologiashibridas.cl\/index.php\/argumento\/","title":{"rendered":"Huella H\u00eddrica de la IA"},"content":{"rendered":"<div class=\"bm-builder clearfix \"><div id=\"\" class=\"module col-12 module-id-1700168715973\" data-module-col=\"12\"><div class=\"module-inside embed-inside\" style=\"--top-mod: 0px;--bottom-mod: 0px;--top-mod-t: 0px;--bottom-mod-t: 0px;--top-mod-m:0px;--bottom-mod-m:0px;\" ><div class=\"embed-wrap  \" style=\"\" data-animation=\"fadein\"><\/div><\/div><\/div><div id=\"\" class=\"module col-12 module-id-1700678784368\" data-module-col=\"12\"><div class=\"module-inside text-inside\" style=\"--top-mod: 0px;--bottom-mod: 0px;--top-mod-t: 0px;--bottom-mod-t: 0px;--top-mod-m:0px;--bottom-mod-m:0px;\" ><div class=\"text_block_out\"  data-effect=\"standard\" style=\"\"><div class=\"text_block ux-mod-nobg\"><div class=\"text_block_inn\"><div id=\"text-1700678784368\" class=\"text_block_centered text_block_centered_enable_width\"  style=\"\"><h5 style=\"text-align: center;\"><span style=\"font-family: ux-font-1700496875872; color: #665b54;\">Huella H\u00eddrica<br><\/span><\/h5><\/div><\/div><\/div><\/div><\/div><\/div><div id=\"\" class=\"module col-8 module-id-1700678540052 col-offset-2\" data-module-col=\"8\"><div class=\"module-inside text-inside\" style=\"--top-mod: 20px;--bottom-mod: 0px;--top-mod-t: 20px;--bottom-mod-t: 0px;--top-mod-m:20px;--bottom-mod-m:0px;\" ><div class=\"text_block_out\"  data-effect=\"standard\" style=\"\"><div class=\"text_block ux-mod-nobg\"><div class=\"text_block_inn\"><div id=\"text-1700678540052\" class=\"text_block_centered text_block_centered_enable_width\"  style=\"\"><h1 style=\"text-align: center;\"><span style=\"font-family: ux-font-1700495499962; color: #0054ec;\">\u00bfCu\u00e1l es la Huella H\u00eddrica de una imagen producida con Inteligencia Artificial?<\/span><\/h1><\/div><\/div><\/div><\/div><\/div><\/div><div id=\"\" class=\"module col-12 module-id-1700679335228\" data-module-col=\"12\"><div class=\"module-inside divide-inside\" style=\"--top-mod: 0px;--bottom-mod: 0px;--top-mod-t: 0px;--bottom-mod-t: 0px;--top-mod-m:0px;--bottom-mod-m:0px;\" ><div class=\"sea-divide divide-blank\"><\/div><\/div><\/div><div id=\"\" class=\"module col-8 module-id-1700678876821 col-offset-1\" data-module-col=\"8\"><div class=\"module-inside text-inside\" style=\"--top-mod: 0px;--bottom-mod: 0px;--top-mod-t: 0px;--bottom-mod-t: 0px;--top-mod-m:10px;--bottom-mod-m:0px;\" ><div class=\"text_block_out\"  data-effect=\"standard\" style=\"\"><div class=\"text_block ux-mod-nobg\"><div class=\"text_block_inn\"><div id=\"text-1700678876821\" class=\"text_block_centered text_block_centered_enable_width\"  style=\"\"><p>Cuando hablamos del concepto de Huella H\u00eddrica (HH), nos referimos a la cantidad de agua utilizada en el proceso de fabricaci\u00f3n o producci\u00f3n de un determinado bien o servicio a lo largo de su ciclo de vida. En el contexto de una imagen generada mediante un modelo de Inteligencia Artificial (IA), tambi\u00e9n se incurre en un consumo de agua, el cual se calcula teniendo en cuenta tanto la preparaci\u00f3n del modelo de la IA como la creaci\u00f3n misma de la imagen. \u00bfCu\u00e1l ser\u00e1 la huella h\u00eddrica de producir una imagen con Inteligencia Artificial? Espec\u00edficamente, la generaci\u00f3n de las im\u00e1genes para la exposici\u00f3n Ecolog\u00edas H\u00edbridas significa un consumo de unos 32 ml por imagen, pero \u00bfqu\u00e9 significa esto?, \u00bfqu\u00e9 implica exactamente este valor?<\/p><\/div><\/div><\/div><\/div><\/div><\/div><div id=\"\" class=\"module col-12 module-id-1701047889861\" data-module-col=\"12\"><div class=\"module-inside divide-inside\" style=\"--top-mod: 0px;--bottom-mod: 0px;--top-mod-t: 0px;--bottom-mod-t: 0px;--top-mod-m:0px;--bottom-mod-m:0px;\" ><div class=\"sea-divide divide-blank\"><\/div><\/div><\/div><div id=\"\" class=\"module col-6 module-id-1701049121177 bm-wrap row-top row-left bm-wrap-height-auto col-offset-0\" data-module-col=\"6\" data-change-color=\"off\" data-backcolor=\"transparent\" data-frontcolor=\"\" data-logocolor=\"\" data-goto-top=\"off\" data-goto-top-spacing=\"0\" data-goto-disable-m=\"off\" data-groupsameheight=\"off\"><div class=\"module-inside group-inside\" style=\"--cornerRadius:0px 0px 0px 0px ; --top-mod: 200px;--bottom-mod: 0px;--top-mod-t: 200px;--bottom-mod-t: 0px;--top-mod-m:50px;--bottom-mod-m:0px;\" ><div id=\"\" class=\"module col-5 module-id-1701047513316 col-offset-1\" data-module-col=\"5\"><div class=\"module-inside single-image-inside\" style=\"--cornerRadius:0px 0px 0px 0px ; --top-mod: 0px;--bottom-mod: 0px;--top-mod-t: 0px;--bottom-mod-t: 0px;--top-mod-m:0px;--bottom-mod-m:20px;\" ><div class=\"single-image-out  \"  ><figure class=\"single-image  bm-image-mouseover bm-image-zoomed single-image-full   \" no><div class=\"ux-hover-wrap anima-wrap\" style=\"padding-top: 129.42366026289%;\"><a class=\"ux-hover-wrap-a\" href=\"http:\/\/ecologiashibridas.cl\/wp-content\/uploads\/2023\/11\/Diagrama-Modelo-Stable-difussion_page-0001-scaled.jpg\" target=\"_blank\" rel=\" noopener noreferrer \"><img loading=\"lazy\" decoding=\"async\" alt=\"Diagrama Modelo Stable difussion\" class=\"single-image-img img1st lazy \" src=\"data:image\/gif;base64,R0lGODlhAQABAIAAAAAAAP\/\/\/yH5BAEAAAAALAAAAAABAAEAAAIBRAA7\" data-src=\"https:\/\/ecologiashibridas.cl\/wp-content\/uploads\/2023\/11\/Diagrama-Modelo-Stable-difussion_page-0001-scaled.jpg\" data-srcset=\"https:\/\/ecologiashibridas.cl\/wp-content\/uploads\/2023\/11\/Diagrama-Modelo-Stable-difussion_page-0001-scaled.jpg 1978w, https:\/\/ecologiashibridas.cl\/wp-content\/uploads\/2023\/11\/Diagrama-Modelo-Stable-difussion_page-0001-232x300.jpg 232w, https:\/\/ecologiashibridas.cl\/wp-content\/uploads\/2023\/11\/Diagrama-Modelo-Stable-difussion_page-0001-791x1024.jpg 791w, https:\/\/ecologiashibridas.cl\/wp-content\/uploads\/2023\/11\/Diagrama-Modelo-Stable-difussion_page-0001-768x994.jpg 768w, https:\/\/ecologiashibridas.cl\/wp-content\/uploads\/2023\/11\/Diagrama-Modelo-Stable-difussion_page-0001-1187x1536.jpg 1187w, https:\/\/ecologiashibridas.cl\/wp-content\/uploads\/2023\/11\/Diagrama-Modelo-Stable-difussion_page-0001-1583x2048.jpg 1583w, https:\/\/ecologiashibridas.cl\/wp-content\/uploads\/2023\/11\/Diagrama-Modelo-Stable-difussion_page-0001-350x453.jpg 350w, https:\/\/ecologiashibridas.cl\/wp-content\/uploads\/2023\/11\/Diagrama-Modelo-Stable-difussion_page-0001-650x841.jpg 650w, https:\/\/ecologiashibridas.cl\/wp-content\/uploads\/2023\/11\/Diagrama-Modelo-Stable-difussion_page-0001-1000x1294.jpg 1000w, https:\/\/ecologiashibridas.cl\/wp-content\/uploads\/2023\/11\/Diagrama-Modelo-Stable-difussion_page-0001-2000x2588.jpg 2000w\" data-sizes=\"(max-width: 480px) 320px,(max-width: 767px) 500px,(max-width: 1978px) 100vw, 1978px\" width=\"1978\" height=\"2560\" \/><\/a><\/div><figcaption class=\"single-image-caption left-ux\"><div class=\"single-image-caption-cap\" style=\"font-family: ux-font-1700496949247, helvetica, sans-serif; --fontsizeCap: 14px;--fontsizeCapT: 16px;--fontsizeCapM: 14px;--lineHeightCap: 1.5;--letterSpacingCap: normal;--colorCap: #0054ec;\">Diagrama Stable Diffusion<\/div><div class=\"single-image-caption-des\" style=\"font-family: ux-font-1700496875872, helvetica, sans-serif; --fontsizeCapDes: 14px;--fontsizeCapDesT: 16px;--fontsizeCapDesM: 14px;--lineHeightCapDes: 1.5;--letterSpacingCapDes: normal;\">Elaboraci\u00f3n propia<\/div><\/figcaption><\/figure><\/div><\/div><\/div><\/div><\/div><div id=\"\" class=\"module col-5 module-id-1701049149452zHCd3 bm-wrap row-top row-left bm-wrap-height-auto col-offset-0\" data-module-col=\"5\" data-change-color=\"off\" data-backcolor=\"transparent\" data-frontcolor=\"\" data-logocolor=\"\" data-goto-top=\"off\" data-goto-top-spacing=\"0\" data-goto-disable-m=\"off\" data-groupsameheight=\"off\"><div class=\"module-inside group-inside\" style=\"--cornerRadius:0px 0px 0px 0px ; --top-mod: 0px;--bottom-mod: 0px;--top-mod-t: 0px;--bottom-mod-t: 0px;--top-mod-m:30px;--bottom-mod-m:0px;\" ><div id=\"\" class=\"module col-5 module-id-1701048169443 col-offset-0\" data-module-col=\"5\"><div class=\"module-inside text-inside\" style=\"--top-mod: 0px;--bottom-mod: 0px;--top-mod-t: 0px;--bottom-mod-t: 0px;--top-mod-m:0px;--bottom-mod-m:0px;\" ><div class=\"text_block_out\"  data-effect=\"standard\" style=\"\"><div class=\"text_block ux-mod-nobg\"><div class=\"text_block_inn\"><div id=\"text-1701048169443\" class=\"text_block_centered text_block_centered_enable_width\"  style=\"\"><p>Un c\u00e1lculo de la HH de una imagen generada mediante <i><a href=\"https:\/\/stability.ai\/stable-diffusion\">Stable Diffusion<\/a>,<\/i> una IA <i>open source<\/i> dise\u00f1ada para producir im\u00e1genes a partir de texto natural, significa distinguir dos etapas en la producci\u00f3n de im\u00e1genes.<\/p>\n<p>&nbsp;<\/p>\n<p>La primera etapa es la de preparaci\u00f3n del modelo Stable Diffusion, que ocurre en un data center en Estados Unidos. Esta etapa consta de tres pasos, a los que se les calcula por separado su HH: la recolecci\u00f3n de datos, el pre-entrenamiento y el entrenamiento de la IA. Para la etapa de recolecci\u00f3n se calcula la HH de la transferencia de datos por parte del data center, y para las etapas de pre-entrenamiento y entrenamiento se considera la HH del procesamiento.<\/p><\/div><\/div><\/div><\/div><\/div><\/div><div id=\"\" class=\"module col-12 module-id-1701049233120\" data-module-col=\"12\"><div class=\"module-inside divide-inside\" style=\"--top-mod: 0px;--bottom-mod: 0px;--top-mod-t: 0px;--bottom-mod-t: 0px;--top-mod-m:0px;--bottom-mod-m:0px;\" ><div class=\"sea-divide divide-blank\"><\/div><\/div><\/div><div id=\"\" class=\"module col-5 module-id-1701049150143n-wwc col-offset-0\" data-module-col=\"5\"><div class=\"module-inside text-inside\" style=\"--top-mod: 140px;--bottom-mod: 0px;--top-mod-t: 140px;--bottom-mod-t: 0px;--top-mod-m:70px;--bottom-mod-m:0px;\" ><div class=\"text_block_out\"  data-effect=\"standard\" style=\"\"><div class=\"text_block ux-mod-nobg\"><div class=\"text_block_inn\"><div id=\"text-1701049150143n-wwc\" class=\"text_block_centered text_block_centered_enable_width\"  style=\"\"><p>La segunda etapa es la de creaci\u00f3n de las im\u00e1genes.La producci\u00f3n de cada imagen demora 78 segundos, y para el c\u00e1lculo de la HH se considera que esto ocurre en un centro de datos situado en Chile. En este lugar hay un servidor virtual de Google llamado n1-standard-4, que utiliza un GPU tipo NVIDIA Tesla T4. Este tipo de servidores puede contar con 1, 2 o 4 GPU para la creaci\u00f3n de cada imagen&nbsp;<\/p>\n<p><br>Los resultados del c\u00e1lculo indican que dentro de la primera etapa, la HH del paso de recolecci\u00f3n de datos es de 7,14 litros. Por otra parte, entre el pre-entrenamiento y el entrenamiento, la HH en promedio fue de 132,44 M\u00b3. En cuanto a la etapa de generaci\u00f3n de las im\u00e1genes, la cantidad de agua consumida es 32 ml.<\/p><\/div><\/div><\/div><\/div><\/div><\/div><\/div><\/div><div id=\"\" class=\"module col-12 module-id-1701049493753\" data-module-col=\"12\"><div class=\"module-inside divide-inside\" style=\"--top-mod: 0px;--bottom-mod: 0px;--top-mod-t: 0px;--bottom-mod-t: 0px;--top-mod-m:0px;--bottom-mod-m:0px;\" ><div class=\"sea-divide divide-blank\"><\/div><\/div><\/div><div id=\"\" class=\"module col-9 module-id-1701049591212 bm-wrap row-top row-left bm-wrap-height-auto col-offset-2\" data-module-col=\"9\" data-change-color=\"off\" data-backcolor=\"transparent\" data-frontcolor=\"\" data-logocolor=\"\" data-goto-top=\"off\" data-goto-top-spacing=\"0\" data-goto-disable-m=\"off\" data-groupsameheight=\"off\"><div class=\"module-inside group-inside\" style=\"--cornerRadius:0px 0px 0px 0px ; --top-mod: 100px;--bottom-mod: 120px;--top-mod-t: 100px;--bottom-mod-t: 120px;--top-mod-m:50px;--bottom-mod-m:60px;\" ><div id=\"\" class=\"module col-4 module-id-1701049591854 module-animation col-offset-0\" data-module-col=\"4\"><div class=\"module-inside text-inside\" style=\"--top-mod: 0px;--bottom-mod: 0px;--top-mod-t: 0px;--bottom-mod-t: 0px;--top-mod-m:30px;--bottom-mod-m:0px;\" ><div class=\"text_block_out\" data-animation=\"fadein\" data-effect=\"standard\" style=\"\"><div class=\"text_block ux-mod-nobg\"><div class=\"text_block_inn show-big-number big-number-top\"><div class=\"big-number\"><b class=\"big-number-main\">132.44<\/b><b class=\"big-number-sub\"> M\u00b3<\/b><\/div><div class=\"text_block_sibling\"><div id=\"text-1701049591854\" class=\"text_block_centered text_block_centered_enable_width\"  style=\"\"><h6><span class=\"sea-font-m-20px\" style=\"font-size: 1.6vw;\"><span style=\"color: #0054ec;\">Huella h\u00eddrica entrenamientos<\/span><br><\/span><\/h6><\/div><\/div><\/div><\/div><\/div><\/div><\/div><div id=\"\" class=\"module col-4 module-id-1701049592176 module-animation\" data-module-col=\"4\"><div class=\"module-inside text-inside\" style=\"--top-mod: 0px;--bottom-mod: 0px;--top-mod-t: 0px;--bottom-mod-t: 0px;--top-mod-m:30px;--bottom-mod-m:0px;\" ><div class=\"text_block_out\" data-animation=\"fadein\" data-effect=\"standard\" style=\"\"><div class=\"text_block ux-mod-nobg\"><div class=\"text_block_inn show-big-number big-number-top\"><div class=\"big-number\"><b class=\"big-number-main\">32<\/b><b class=\"big-number-sub\"> ml<\/b><\/div><div class=\"text_block_sibling\"><div id=\"text-1701049592176\" class=\"text_block_centered text_block_centered_enable_width\"  style=\"\"><h6><span class=\"sea-font-m-20px\" style=\"font-size: 1.6vw;\"><span style=\"color: #0054ec;\">Huella h\u00eddrica generaci\u00f3n de im\u00e1genes<\/span><br><\/span><\/h6><\/div><\/div><\/div><\/div><\/div><\/div><\/div><\/div><\/div><div id=\"\" class=\"module col-0 module-id-1701135924705\" data-module-col=\"0\"><div class=\"module-inside single-image-inside\" style=\"--cornerRadius:0px 0px 0px 0px ; --top-mod: 0px;--bottom-mod: 0px;--top-mod-t: 0px;--bottom-mod-t: 0px;--top-mod-m:0px;--bottom-mod-m:0px;\" ><div class=\"single-image-out  \"  ><figure class=\"single-image   single-image-full   \" no><div class=\"ux-hover-wrap anima-wrap\" style=\"padding-top: 26.640625%;\"><span class=\"ux-hover-wrap-a\"><img loading=\"lazy\" decoding=\"async\" alt=\"footer4-02\" class=\"single-image-img img1st lazy \" src=\"data:image\/gif;base64,R0lGODlhAQABAIAAAAAAAP\/\/\/yH5BAEAAAAALAAAAAABAAEAAAIBRAA7\" data-src=\"https:\/\/ecologiashibridas.cl\/wp-content\/uploads\/2023\/11\/footer4-02-scaled.jpg\" data-srcset=\"https:\/\/ecologiashibridas.cl\/wp-content\/uploads\/2023\/11\/footer4-02-scaled.jpg 2560w, https:\/\/ecologiashibridas.cl\/wp-content\/uploads\/2023\/11\/footer4-02-300x80.jpg 300w, https:\/\/ecologiashibridas.cl\/wp-content\/uploads\/2023\/11\/footer4-02-1024x273.jpg 1024w, https:\/\/ecologiashibridas.cl\/wp-content\/uploads\/2023\/11\/footer4-02-768x205.jpg 768w, https:\/\/ecologiashibridas.cl\/wp-content\/uploads\/2023\/11\/footer4-02-1536x409.jpg 1536w, https:\/\/ecologiashibridas.cl\/wp-content\/uploads\/2023\/11\/footer4-02-2048x546.jpg 2048w, https:\/\/ecologiashibridas.cl\/wp-content\/uploads\/2023\/11\/footer4-02-350x93.jpg 350w, https:\/\/ecologiashibridas.cl\/wp-content\/uploads\/2023\/11\/footer4-02-650x173.jpg 650w, https:\/\/ecologiashibridas.cl\/wp-content\/uploads\/2023\/11\/footer4-02-1000x266.jpg 1000w, https:\/\/ecologiashibridas.cl\/wp-content\/uploads\/2023\/11\/footer4-02-2000x533.jpg 2000w\" data-sizes=\"(max-width: 480px) 320px,(max-width: 767px) 500px,(max-width: 2560px) 100vw, 2560px\" width=\"2560\" height=\"682\" \/><\/span><\/div><\/figure><\/div><\/div><\/div><\/div>","protected":false},"excerpt":{"rendered":"<p>Huella H\u00eddrica\u00bfCu\u00e1l es la Huella H\u00eddrica de una imagen producida &hellip;<\/p>\n","protected":false},"author":3,"featured_media":0,"parent":0,"menu_order":0,"comment_status":"closed","ping_status":"closed","template":"","meta":{"footnotes":""},"_links":{"self":[{"href":"https:\/\/ecologiashibridas.cl\/index.php\/wp-json\/wp\/v2\/pages\/190"}],"collection":[{"href":"https:\/\/ecologiashibridas.cl\/index.php\/wp-json\/wp\/v2\/pages"}],"about":[{"href":"https:\/\/ecologiashibridas.cl\/index.php\/wp-json\/wp\/v2\/types\/page"}],"author":[{"embeddable":true,"href":"https:\/\/ecologiashibridas.cl\/index.php\/wp-json\/wp\/v2\/users\/3"}],"replies":[{"embeddable":true,"href":"https:\/\/ecologiashibridas.cl\/index.php\/wp-json\/wp\/v2\/comments?post=190"}],"version-history":[{"count":3,"href":"https:\/\/ecologiashibridas.cl\/index.php\/wp-json\/wp\/v2\/pages\/190\/revisions"}],"predecessor-version":[{"id":1370,"href":"https:\/\/ecologiashibridas.cl\/index.php\/wp-json\/wp\/v2\/pages\/190\/revisions\/1370"}],"wp:attachment":[{"href":"https:\/\/ecologiashibridas.cl\/index.php\/wp-json\/wp\/v2\/media?parent=190"}],"curies":[{"name":"wp","href":"https:\/\/api.w.org\/{rel}","templated":true}]}}