{"id":34,"date":"2023-11-17T08:00:00","date_gmt":"2023-11-17T11:00:00","guid":{"rendered":"http:\/\/ecologiashibridas.cl\/?page_id=9"},"modified":"2023-11-28T15:36:26","modified_gmt":"2023-11-28T18:36:26","slug":"proyecto","status":"publish","type":"page","link":"https:\/\/ecologiashibridas.cl\/index.php\/proyecto\/","title":{"rendered":"Sobre el proyecto"},"content":{"rendered":"<div class=\"bm-builder clearfix \"><div id=\"\" class=\"module col-12 module-id-1701044774326ZLEr4 bm-wrap row-top row-left bm-wrap-height-auto\" data-module-col=\"12\" data-change-color=\"off\" data-backcolor=\"transparent\" data-frontcolor=\"\" data-logocolor=\"\" data-goto-top=\"off\" data-goto-top-spacing=\"0\" data-goto-disable-m=\"off\" data-groupsameheight=\"off\"><div class=\"module-inside group-inside\" style=\"--top-mod: 0px;--bottom-mod: 0px;--top-mod-t: 0px;--bottom-mod-t: 0px;--top-mod-m:0px;--bottom-mod-m:0px;\" ><\/div><\/div><div id=\"\" class=\"module col-12 module-id-1758651757064 col-offset-1\" data-module-col=\"12\"><div class=\"module-inside text-inside\" style=\"--top-mod: 0px;--bottom-mod: 0px;--top-mod-t: 0px;--bottom-mod-t: 0px;--top-mod-m:0px;--bottom-mod-m:0px;\" ><div class=\"text_block_out\"  data-effect=\"standard\" style=\"\"><div class=\"text_block ux-mod-nobg\"><div class=\"text_block_inn\"><div id=\"text-1758651757064\" class=\"text_block_centered text_block_centered_enable_width\"  style=\"\"><h1 style=\"text-align: left;\"><span style=\"font-family: ux-font-1700495499962; color: #f7a0f9;\">Sobre el proyecto<\/span><\/h1><\/div><\/div><\/div><\/div><\/div><\/div><div id=\"\" class=\"module col-12 module-id-1650345024240 bm-wrap row-top row-left bm-wrap-height-auto\" data-module-col=\"12\" data-change-color=\"off\" data-backcolor=\"transparent\" data-frontcolor=\"\" data-logocolor=\"\" data-goto-top=\"off\" data-goto-top-spacing=\"0\" data-goto-disable-m=\"off\" data-groupsameheight=\"off\"><div class=\"module-inside group-inside\" style=\"--top-mod: 0px;--bottom-mod: 0px;--top-mod-t: 0px;--bottom-mod-t: 0px;--top-mod-m:0px;--bottom-mod-m:0px;\" ><\/div><\/div><div id=\"\" class=\"module col-8 module-id-1650345022196 col-offset-1\" data-module-col=\"8\"><div class=\"module-inside text-inside\" style=\"--top-mod: 40px;--bottom-mod: 0px;--top-mod-t: 40px;--bottom-mod-t: 0px;--top-mod-m:20px;--bottom-mod-m:40px;\" ><div class=\"text_block_out\"  data-effect=\"standard\" style=\"\"><div class=\"text_block ux-mod-nobg\"><div class=\"text_block_inn\"><div id=\"text-1650345022196\" class=\"text_block_centered text_block_centered_enable_width\"  style=\"\"><p>Este proyecto es una invitaci\u00f3n a superar la dicotom\u00eda entre naturaleza y tecnolog\u00eda, evidenciando c\u00f3mo la IA habita y crea una <i>ecolog\u00eda h\u00edbrida,<\/i> constituida por relaciones de interdependencia entre agencias humanas y no-humanas.<\/p>\n<p>&nbsp;<\/p>\n<p>Si habitualmente la IA se representa como una entidad inmaterial y desterritorializada, separada de toda relaci\u00f3n con el mundo tangible, Ecolog\u00eda H\u00edbridas busca rebatir esta narrativa al re-materializar los procesos detr\u00e1s de la producci\u00f3n de la Inteligencia Artificial y su conexi\u00f3n con la Tierra.&nbsp;<\/p><\/div><\/div><\/div><\/div><\/div><\/div><div id=\"\" class=\"module col-12 module-id-1701044882650\" data-module-col=\"12\"><div class=\"module-inside divide-inside\" style=\"--top-mod: 0px;--bottom-mod: 0px;--top-mod-t: 0px;--bottom-mod-t: 0px;--top-mod-m:0px;--bottom-mod-m:0px;\" ><div class=\"sea-divide divide-blank\"><\/div><\/div><\/div><div id=\"\" class=\"module col-6 module-id-1701044798632 col-offset-5\" data-module-col=\"6\"><div class=\"module-inside text-inside\" style=\"--top-mod: 0px;--bottom-mod: 0px;--top-mod-t: 0px;--bottom-mod-t: 0px;--top-mod-m:0px;--bottom-mod-m:0px;\" ><div class=\"text_block_out\"  data-effect=\"standard\" style=\"\"><div class=\"text_block ux-mod-nobg\"><div class=\"text_block_inn\"><div id=\"text-1701044798632\" class=\"text_block_centered text_block_centered_enable_width\"  style=\"\"><h4>En la medida que los imaginarios de la IA siguen discursos que invisibilizan la explotaci\u00f3n de la naturaleza, instalando una percepci\u00f3n sobre el medioambiente como un conjunto de recursos el\u00e1sticos y explotables, nos parece fundamental poner en discusi\u00f3n las interdependencias entre lo tecnol\u00f3gico y el medioambiente.<\/h4><\/div><\/div><\/div><\/div><\/div><\/div><div id=\"\" class=\"module col-12 module-id-1701045029079OZhmD\" data-module-col=\"12\"><div class=\"module-inside divide-inside\" style=\"--top-mod: 0px;--bottom-mod: 0px;--top-mod-t: 0px;--bottom-mod-t: 0px;--top-mod-m:0px;--bottom-mod-m:0px;\" ><div class=\"sea-divide divide-blank\"><\/div><\/div><\/div><div id=\"\" class=\"module col-8 module-id-1701045017831HHmZy col-offset-1\" data-module-col=\"8\"><div class=\"module-inside text-inside\" style=\"--top-mod: 40px;--bottom-mod: 0px;--top-mod-t: 40px;--bottom-mod-t: 0px;--top-mod-m:20px;--bottom-mod-m:40px;\" ><div class=\"text_block_out\"  data-effect=\"standard\" style=\"\"><div class=\"text_block ux-mod-nobg\"><div class=\"text_block_inn\"><div id=\"text-1701045017831HHmZy\" class=\"text_block_centered text_block_centered_enable_width\"  style=\"\"><p>\u201cEcolog\u00edas H\u00edbridas\u201d es llamado de atenci\u00f3n a reconocer las ecolog\u00edas terrestres que permiten el desarrollo de la IA. Es una interpelaci\u00f3n a dejar de lado la conveniente, pero ingenua creencia de que habitamos en un planeta con recursos infinitos (agua, litio, cobre, silicio, cobalto, entre otros) para explorar nuevas formas de cohabitaci\u00f3n entre la IA y la Tierra.&nbsp;<\/p>\n<p>&nbsp;<\/p>\n<p>Reconocer que la IA se sit\u00faa en una situaci\u00f3n de l\u00edmite planetario, implica explorar formas de cohabitaci\u00f3n entre lo tecnol\u00f3gico, humano y la tierra, haciendo visible las alianzas y enredos h\u00edbridos que est\u00e1n detr\u00e1s de todas las formas de inteligencia, ya sea org\u00e1nica, inorg\u00e1nica o maqu\u00ednica.<\/p>\n<p>&nbsp;<\/p>\n<p>El desaf\u00edo no s\u00f3lo consiste en visibilizar la multiplicidad de agentes involucrados en el uso de la IA, sino sobre todo comenzar a explorar nuevas formas de sensibilizaci\u00f3n que incentiven una conversaci\u00f3n respecto a c\u00f3mo queremos cohabitar el planeta, integrando la innovaci\u00f3n tecnol\u00f3gica en los l\u00edmites terrestres que abre el antropoceno. Si bien un paso necesario consiste en rendir cuentas y comenzar a cuantificar expl\u00edcitamente el consumo energ\u00e9tico del desarrollo de sistemas de IA&nbsp; y obligar a las grandes compa\u00f1\u00edas tecnol\u00f3gicas a declarar tales impactos; este problema tambi\u00e9n debe ser abordado desde el lenguaje de las humanidades y otros modos de involucramiento.&nbsp;<\/p>\n<p>&nbsp;<\/p>\n<p>El proyecto Ecolog\u00edas H\u00edbridas constituye precisamente un esfuerzo colaborativo por explorar, desde las herramientas de la investigaci\u00f3n-creaci\u00f3n, las condiciones para abordar los impactos de la IA en el ecosistema terrestre.<\/p><\/div><\/div><\/div><\/div><\/div><\/div><div id=\"\" class=\"module col-12 module-id-1701045279883ux_sj\" data-module-col=\"12\"><div class=\"module-inside divide-inside\" style=\"--top-mod: 0px;--bottom-mod: 0px;--top-mod-t: 0px;--bottom-mod-t: 0px;--top-mod-m:0px;--bottom-mod-m:0px;\" ><div class=\"sea-divide divide-blank\"><\/div><\/div><\/div><div id=\"\" class=\"module col-6 module-id-1701045226327Xe9z8 col-offset-5\" data-module-col=\"6\"><div class=\"module-inside text-inside\" style=\"--top-mod: 0px;--bottom-mod: 0px;--top-mod-t: 0px;--bottom-mod-t: 0px;--top-mod-m:0px;--bottom-mod-m:0px;\" ><div class=\"text_block_out\"  data-effect=\"standard\" style=\"\"><div class=\"text_block ux-mod-nobg\"><div class=\"text_block_inn\"><div id=\"text-1701045226327Xe9z8\" class=\"text_block_centered text_block_centered_enable_width\"  style=\"\"><h4>Si la narrativa de la innovaci\u00f3n en torno a la IA busca posicionar la noci\u00f3n de una inmaterializaci\u00f3n de la modernizaci\u00f3n tecnol\u00f3gica,&nbsp; el proyecto Ecolog\u00edas H\u00edbridas constituye el esfuerzo contrario: hacer visible y tangibilizar el costo material y f\u00edsico que tiene el uso de la IA.<\/h4><\/div><\/div><\/div><\/div><\/div><\/div><div id=\"\" class=\"module col-12 module-id-1701045387970xJFRu\" data-module-col=\"12\"><div class=\"module-inside divide-inside\" style=\"--top-mod: 0px;--bottom-mod: 0px;--top-mod-t: 0px;--bottom-mod-t: 0px;--top-mod-m:0px;--bottom-mod-m:0px;\" ><div class=\"sea-divide divide-blank\"><\/div><\/div><\/div><div id=\"\" class=\"module col-8 module-id-17010454203963ke4s col-offset-1\" data-module-col=\"8\"><div class=\"module-inside text-inside\" style=\"--top-mod: 40px;--bottom-mod: 0px;--top-mod-t: 40px;--bottom-mod-t: 0px;--top-mod-m:20px;--bottom-mod-m:40px;\" ><div class=\"text_block_out\"  data-effect=\"standard\" style=\"\"><div class=\"text_block ux-mod-nobg\"><div class=\"text_block_inn\"><div id=\"text-17010454203963ke4s\" class=\"text_block_centered text_block_centered_enable_width\"  style=\"\"><p>El concepto de \u201cEcolog\u00eda H\u00edbrida\u201d que da t\u00edtulo a esta investigaci\u00f3n creaci\u00f3n, es una invitaci\u00f3n a pensar desde los enredos m\u00e1s que humanos que sustenta la IA, asumiendo el estado de vulnerabilidad y fragilidad en la que estamos inmersos.&nbsp;<\/p>\n<p>&nbsp;<\/p>\n<p>En lugar pensar la IA desde la tradicional dicotomi\u0301a entre naturaleza y t\u00e9cnica, buscamos insistir que la IA se constituye de \u2018naturoculturas\u2019 (Haraway 2005) conformadas de relaciones co-evolucio\u0301n entre mu\u0301ltiples agencias, especies y entidades.&nbsp;<\/p>\n<p>&nbsp;<\/p>\n<p>Ecolog\u00edas H\u00edbridas es una invitaci\u00f3n a pensar la IA como el resultado y efecto de estos ensamblajes, donde agencias humanas y terrestres se co-construyen en un tejido en constante evoluci\u00f3n. Pero tambi\u00e9n es una impugnaci\u00f3n a desplegar formas de resistencia especulativa frente a la compleja red de relaciones extractivistas y poder en torno a la industria de la IA.<\/p>\n<p>&nbsp;<\/p>\n<p>El desaf\u00edo no s\u00f3lo consiste en visibilizar la multiplicidad de agentes involucrados en el uso de la IA, sino sobre todo comenzar a explorar nuevas formas de sensibilizaci\u00f3n que incentiven una conversaci\u00f3n respecto a c\u00f3mo queremos cohabitar el planeta, integrando la innovaci\u00f3n tecnol\u00f3gica en los l\u00edmites terrestres que abre el antropoceno. Si bien un paso necesario consiste en rendir cuentas y comenzar a cuantificar expl\u00edcitamente el consumo energ\u00e9tico del desarrollo de sistemas de IA&nbsp; y obligar a las grandes compa\u00f1\u00edas tecnol\u00f3gicas a declarar tales impactos; este problema tambi\u00e9n debe ser abordado desde el lenguaje de las humanidades y otros modos de involucramiento.&nbsp;<\/p>\n<p>&nbsp;<\/p>\n<p>El proyecto Ecolog\u00edas H\u00edbridas constituye precisamente un esfuerzo colaborativo por explorar, desde las herramientas de la investigaci\u00f3n-creaci\u00f3n, las condiciones para abordar los impactos de la IA en el ecosistema terrestre.<\/p><\/div><\/div><\/div><\/div><\/div><\/div><div id=\"\" class=\"module col-8 module-id-1758827199066oHVco col-offset-1\" data-module-col=\"8\"><div class=\"module-inside text-inside\" style=\"--top-mod: 40px;--bottom-mod: 0px;--top-mod-t: 40px;--bottom-mod-t: 0px;--top-mod-m:20px;--bottom-mod-m:40px;\" ><div class=\"text_block_out\"  data-effect=\"standard\" style=\"\"><div class=\"text_block ux-mod-nobg\"><div class=\"text_block_inn\"><div id=\"text-1758827199066oHVco\" class=\"text_block_centered text_block_centered_enable_width\"  style=\"\"><p>Este esfuerzo colaborativo de investigaci\u00f3n-creaci\u00f3n se ha materializado a trav\u00e9s de dos instalaciones interactivas. La primera tuvo lugar en el <a href=\"https:\/\/ecologiashibridas.cl\/index.php\/instalacion-interactiva\/\">Centro Cultural La Moneda,<\/a> Santiago, entre diciembre de 2023 y abril de 2024, mientras que la segunda se desarroll\u00f3 en la <a href=\"https:\/\/ecologiashibridas.cl\/index.php\/__trashed-2\/\">Bienal de Venecia 2025<\/a>. Cada instalaci\u00f3n ha constituido una oportunidad para explorar nuevas formas de sensibilizaci\u00f3n sobre las relaciones entre tecnolog\u00eda y ecosistemas terrestres, dialogando con p\u00fablicos locales e internacionales sobre las interdependencias que sustentan la inteligencia artificial.<\/p><\/div><\/div><\/div><\/div><\/div><\/div><div id=\"\" class=\"module col-12 module-id-1701045516756F7Cbe\" data-module-col=\"12\"><div class=\"module-inside divide-inside\" style=\"--top-mod: 0px;--bottom-mod: 0px;--top-mod-t: 0px;--bottom-mod-t: 0px;--top-mod-m:0px;--bottom-mod-m:0px;\" ><div class=\"sea-divide divide-blank\"><\/div><\/div><\/div><div id=\"\" class=\"module col-12 module-id-1701136084587 bm-wrap row-top row-left bm-wrap-height-auto\" data-module-col=\"12\" data-change-color=\"off\" data-backcolor=\"transparent\" data-frontcolor=\"\" data-logocolor=\"\" data-goto-top=\"off\" data-goto-top-spacing=\"0\" data-goto-disable-m=\"off\" data-groupsameheight=\"off\"><div class=\"module-inside group-inside\" style=\"--cornerRadius:0px 0px 0px 0px ; --top-mod: 100px;--bottom-mod: 0px;--top-mod-t: 100px;--bottom-mod-t: 0px;--top-mod-m:50px;--bottom-mod-m:0px;\" ><div id=\"\" class=\"module col-0 module-id-1701136091307\" data-module-col=\"0\"><div class=\"module-inside single-image-inside\" style=\"--cornerRadius:0px 0px 0px 0px ; --top-mod: 0px;--bottom-mod: 0px;--top-mod-t: 0px;--bottom-mod-t: 0px;--top-mod-m:0px;--bottom-mod-m:0px;\" ><div class=\"single-image-out  \"  ><figure class=\"single-image   single-image-full   \" no><div class=\"ux-hover-wrap anima-wrap\" style=\"padding-top: 26.640625%;\"><span class=\"ux-hover-wrap-a\"><img loading=\"lazy\" decoding=\"async\" alt=\"footer4-02\" class=\"single-image-img img1st lazy \" src=\"data:image\/gif;base64,R0lGODlhAQABAIAAAAAAAP\/\/\/yH5BAEAAAAALAAAAAABAAEAAAIBRAA7\" data-src=\"https:\/\/ecologiashibridas.cl\/wp-content\/uploads\/2023\/11\/footer4-02-scaled.jpg\" data-srcset=\"https:\/\/ecologiashibridas.cl\/wp-content\/uploads\/2023\/11\/footer4-02-scaled.jpg 2560w, https:\/\/ecologiashibridas.cl\/wp-content\/uploads\/2023\/11\/footer4-02-300x80.jpg 300w, https:\/\/ecologiashibridas.cl\/wp-content\/uploads\/2023\/11\/footer4-02-1024x273.jpg 1024w, https:\/\/ecologiashibridas.cl\/wp-content\/uploads\/2023\/11\/footer4-02-768x205.jpg 768w, https:\/\/ecologiashibridas.cl\/wp-content\/uploads\/2023\/11\/footer4-02-1536x409.jpg 1536w, https:\/\/ecologiashibridas.cl\/wp-content\/uploads\/2023\/11\/footer4-02-2048x546.jpg 2048w, https:\/\/ecologiashibridas.cl\/wp-content\/uploads\/2023\/11\/footer4-02-350x93.jpg 350w, https:\/\/ecologiashibridas.cl\/wp-content\/uploads\/2023\/11\/footer4-02-650x173.jpg 650w, https:\/\/ecologiashibridas.cl\/wp-content\/uploads\/2023\/11\/footer4-02-1000x266.jpg 1000w, https:\/\/ecologiashibridas.cl\/wp-content\/uploads\/2023\/11\/footer4-02-2000x533.jpg 2000w\" data-sizes=\"(max-width: 480px) 320px,(max-width: 767px) 500px,(max-width: 2560px) 100vw, 2560px\" width=\"2560\" height=\"682\" \/><\/span><\/div><\/figure><\/div><\/div><\/div><\/div><\/div><\/div>","protected":false},"excerpt":{"rendered":"<p>Sobre el proyectoEste proyecto es una invitaci\u00f3n a superar la &hellip;<\/p>\n","protected":false},"author":3,"featured_media":0,"parent":0,"menu_order":0,"comment_status":"closed","ping_status":"closed","template":"","meta":{"footnotes":""},"_links":{"self":[{"href":"https:\/\/ecologiashibridas.cl\/index.php\/wp-json\/wp\/v2\/pages\/34"}],"collection":[{"href":"https:\/\/ecologiashibridas.cl\/index.php\/wp-json\/wp\/v2\/pages"}],"about":[{"href":"https:\/\/ecologiashibridas.cl\/index.php\/wp-json\/wp\/v2\/types\/page"}],"author":[{"embeddable":true,"href":"https:\/\/ecologiashibridas.cl\/index.php\/wp-json\/wp\/v2\/users\/3"}],"replies":[{"embeddable":true,"href":"https:\/\/ecologiashibridas.cl\/index.php\/wp-json\/wp\/v2\/comments?post=34"}],"version-history":[{"count":4,"href":"https:\/\/ecologiashibridas.cl\/index.php\/wp-json\/wp\/v2\/pages\/34\/revisions"}],"predecessor-version":[{"id":766,"href":"https:\/\/ecologiashibridas.cl\/index.php\/wp-json\/wp\/v2\/pages\/34\/revisions\/766"}],"wp:attachment":[{"href":"https:\/\/ecologiashibridas.cl\/index.php\/wp-json\/wp\/v2\/media?parent=34"}],"curies":[{"name":"wp","href":"https:\/\/api.w.org\/{rel}","templated":true}]}}